{"id":79,"date":"2025-09-25T10:16:29","date_gmt":"2025-09-25T10:16:29","guid":{"rendered":"https:\/\/www.niederzell.info\/webseite\/?page_id=79"},"modified":"2025-11-14T09:33:11","modified_gmt":"2025-11-14T07:33:11","slug":"test","status":"publish","type":"page","link":"https:\/\/www.niederzell.info\/","title":{"rendered":"Niederzell"},"content":{"rendered":"\n<div class=\"wp-block-group alignfull has-accent-background-color has-background has-global-padding is-layout-constrained wp-container-core-group-is-layout-669513ed wp-block-group-is-layout-constrained\" style=\"margin-top:0;margin-bottom:0;padding-top:var(--wp--preset--spacing--50);padding-right:var(--wp--preset--spacing--50);padding-bottom:var(--wp--preset--spacing--50);padding-left:var(--wp--preset--spacing--50)\">\n<div class=\"wp-block-columns alignwide is-layout-flex wp-container-core-columns-is-layout-1da03c2a wp-block-columns-is-layout-flex\">\n<div class=\"wp-block-column is-vertically-aligned-stretch is-layout-flow wp-block-column-is-layout-flow\" style=\"flex-basis:50%\">\n<div class=\"wp-block-group is-vertical is-content-justification-stretch is-layout-flex wp-container-core-group-is-layout-444d5ee8 wp-block-group-is-layout-flex\" style=\"min-height:100%\">\n<p class=\"has-heading-font-family has-x-large-font-size\" style=\"line-height:1.2\"><strong>Herzlich willkommen bei der Vereinsgemeinschaft Niederzell<\/strong><\/p>\n\n\n\n<p>Die <strong>Vereinsgemeinschaft Kirchweih Niederzell<\/strong> ist das starke Dach \u00fcber vier engagierten Vereinen:<\/p>\n\n\n\n<ul class=\"wp-block-list\">\n<li><strong>Sportverein Niederzell<\/strong><\/li>\n\n\n\n<li><strong>Freiwillige Feuerwehr Niederzell<\/strong><\/li>\n\n\n\n<li><strong>Lamm\u2019sche Chor<\/strong><\/li>\n\n\n\n<li><strong>Die Jungen Niederzeller<\/strong><\/li>\n<\/ul>\n\n\n\n<p>Gemeinsam gestalten wir das kulturelle, sportliche und gesellschaftliche Leben in unserem Ort. Durch die enge Zusammenarbeit b\u00fcndeln wir Kr\u00e4fte, schaffen Gemeinschaft und halten unsere Traditionen lebendig \u2013 immer mit Blick auf die Zukunft.<\/p>\n\n\n\n<div class=\"wp-block-group has-global-padding is-content-justification-left is-layout-constrained wp-container-core-group-is-layout-9fe8ed88 wp-block-group-is-layout-constrained\">\n<p class=\"wp-container-content-0733e5d0\"><strong>Warum Vereinsgemeinschaft?<\/strong> <br>Weil wir \u00fcberzeugt sind: <strong>Gemeinsam erreicht man mehr.<\/strong><\/p>\n<\/div>\n<\/div>\n<\/div>\n\n\n\n<div class=\"wp-block-column is-vertically-aligned-center is-layout-flow wp-block-column-is-layout-flow\" style=\"flex-basis:50%\">\n<figure class=\"wp-block-gallery has-nested-images columns-default is-cropped wp-block-gallery-2 is-layout-flex wp-block-gallery-is-layout-flex\">\n<figure class=\"wp-block-image size-large is-style-rounded is-style-rounded--1\"><img loading=\"lazy\" decoding=\"async\" width=\"825\" height=\"1024\" data-id=\"46\" src=\"https:\/\/www.niederzell.info\/wp-content\/uploads\/2025\/09\/Wappen-Niederzell-825x1024.jpeg\" alt=\"Niederzell\" class=\"wp-image-46\" style=\"aspect-ratio:3\/4;object-fit:cover\" srcset=\"https:\/\/www.niederzell.info\/wp-content\/uploads\/2025\/09\/Wappen-Niederzell-825x1024.jpeg 825w, https:\/\/www.niederzell.info\/wp-content\/uploads\/2025\/09\/Wappen-Niederzell-242x300.jpeg 242w, https:\/\/www.niederzell.info\/wp-content\/uploads\/2025\/09\/Wappen-Niederzell-768x953.jpeg 768w, https:\/\/www.niederzell.info\/wp-content\/uploads\/2025\/09\/Wappen-Niederzell.jpeg 896w\" sizes=\"auto, (max-width: 825px) 100vw, 825px\" \/><\/figure>\n<\/figure>\n<\/div>\n<\/div>\n<\/div>\n\n\n\n<div class=\"wp-block-group alignfull has-base-background-color has-background has-global-padding is-layout-constrained wp-container-core-group-is-layout-d89aad35 wp-block-group-is-layout-constrained\" style=\"margin-top:0;margin-bottom:0;padding-top:var(--wp--preset--spacing--50);padding-right:var(--wp--preset--spacing--50);padding-bottom:var(--wp--preset--spacing--50);padding-left:var(--wp--preset--spacing--50)\">\n<div class=\"wp-block-columns alignwide is-layout-flex wp-container-core-columns-is-layout-549b0c86 wp-block-columns-is-layout-flex\">\n<div class=\"wp-block-column has-global-padding is-content-justification-left is-layout-constrained wp-container-core-column-is-layout-4f15e8fe wp-block-column-is-layout-constrained\" style=\"flex-basis:40%\">\n<h2 class=\"wp-block-heading\"><strong><em>Unsere<\/em><\/strong><br><strong><em>Aufgaben und Ziele<\/em><\/strong><\/h2>\n<\/div>\n\n\n\n<div class=\"wp-block-column is-layout-flow wp-container-core-column-is-layout-119bc444 wp-block-column-is-layout-flow\" style=\"flex-basis:60%\">\n<p><strong>\u2022<strong> \u2022<\/strong> Feste &amp; Veranstaltungen:<\/strong> Organisation und Durchf\u00fchrung von Veranstaltungen wie der Kirmes, die weit \u00fcber Niederzell hinaus bekannt und beliebt ist.<br><br><strong>\u2022 \u2022<\/strong> <strong>Unterst\u00fctzung &amp; Zusammenhalt:<\/strong> St\u00e4rkung des Vereinslebens und F\u00f6rderung der Zusammenarbeit zwischen den Mitgliedsvereinen.<br><br>\u2022 \u2022 <strong>Jugend &amp; Zukunft:<\/strong> Besonderes Augenmerk legen wir auf die Einbindung junger Menschen \u2013 sei es durch sportliche, musikalische oder kulturelle Angebote. Die <strong>Jungen Niederzeller<\/strong> sind dabei ein wichtiger Teil unserer Gemeinschaft.<br><br>\u2022 \u2022 <strong>Heimat &amp; Tradition:<\/strong> Pflege von Brauchtum und Tradition, verbunden mit Offenheit f\u00fcr Neues.<\/p>\n<\/div>\n<\/div>\n<\/div>\n\n\n\n<div class=\"wp-block-group alignfull has-global-padding is-layout-constrained wp-container-core-group-is-layout-669513ed wp-block-group-is-layout-constrained\" style=\"margin-top:0;margin-bottom:0;padding-top:var(--wp--preset--spacing--50);padding-right:var(--wp--preset--spacing--50);padding-bottom:var(--wp--preset--spacing--50);padding-left:var(--wp--preset--spacing--50)\">\n<div class=\"wp-block-group is-vertical is-content-justification-center is-layout-flex wp-container-core-group-is-layout-ce155fab wp-block-group-is-layout-flex\">\n<h2 class=\"wp-block-heading has-text-align-center has-xx-large-font-size\">So geht Vereinsgemeinschaft.<\/h2>\n\n\n\n<p class=\"has-text-align-center\">Gemeinsam gestalten wir das kulturelle, sportliche und gesellschaftliche Leben in unserem Ort. Durch die enge Zusammenarbeit b\u00fcndeln wir Kr\u00e4fte, schaffen Gemeinschaft und halten unsere Traditionen lebendig \u2013 immer mit Blick auf die Zukunft.<\/p>\n<\/div>\n\n\n\n<div style=\"height:var(--wp--preset--spacing--30)\" aria-hidden=\"true\" class=\"wp-block-spacer\"><\/div>\n\n\n\n<div class=\"wp-block-columns alignwide is-layout-flex wp-container-core-columns-is-layout-4935966c wp-block-columns-is-layout-flex\" style=\"padding-right:0;padding-left:0\">\n<div class=\"wp-block-column is-layout-flow wp-block-column-is-layout-flow\">\n<figure class=\"wp-block-gallery has-nested-images columns-default is-cropped wp-block-gallery-4 is-layout-flex wp-block-gallery-is-layout-flex\">\n<figure class=\"wp-block-image size-full is-style-rounded is-style-rounded--3\"><img loading=\"lazy\" decoding=\"async\" width=\"640\" height=\"640\" data-id=\"57\" src=\"https:\/\/www.niederzell.info\/wp-content\/uploads\/2025\/09\/Logo-SV-Niederzell.jepg_.jpg\" alt=\"\" class=\"wp-image-57\" style=\"aspect-ratio:1;object-fit:cover\" srcset=\"https:\/\/www.niederzell.info\/wp-content\/uploads\/2025\/09\/Logo-SV-Niederzell.jepg_.jpg 640w, https:\/\/www.niederzell.info\/wp-content\/uploads\/2025\/09\/Logo-SV-Niederzell.jepg_-300x300.jpg 300w, https:\/\/www.niederzell.info\/wp-content\/uploads\/2025\/09\/Logo-SV-Niederzell.jepg_-150x150.jpg 150w\" sizes=\"auto, (max-width: 640px) 100vw, 640px\" \/><\/figure>\n<\/figure>\n\n\n\n<div class=\"wp-block-group is-vertical is-content-justification-center is-nowrap is-layout-flex wp-container-core-group-is-layout-21d4e958 wp-block-group-is-layout-flex\">\n<p class=\"has-text-align-center has-small-font-size\"><strong>SV 1968 Niederzell e.V.<\/strong><\/p>\n\n\n\n<p class=\"has-text-align-center has-small-font-size\">Die Weidlein-Elf.<\/p>\n<\/div>\n<\/div>\n\n\n\n<div class=\"wp-block-column is-layout-flow wp-block-column-is-layout-flow\">\n<figure class=\"wp-block-gallery has-nested-images columns-default is-cropped wp-block-gallery-6 is-layout-flex wp-block-gallery-is-layout-flex\">\n<figure class=\"wp-block-image size-full is-style-rounded is-style-rounded--5\"><img loading=\"lazy\" decoding=\"async\" width=\"640\" height=\"641\" data-id=\"58\" src=\"https:\/\/www.niederzell.info\/wp-content\/uploads\/2025\/09\/Logo-VJN.jpg\" alt=\"\" class=\"wp-image-58\" style=\"aspect-ratio:1;object-fit:cover\" srcset=\"https:\/\/www.niederzell.info\/wp-content\/uploads\/2025\/09\/Logo-VJN.jpg 640w, https:\/\/www.niederzell.info\/wp-content\/uploads\/2025\/09\/Logo-VJN-300x300.jpg 300w, https:\/\/www.niederzell.info\/wp-content\/uploads\/2025\/09\/Logo-VJN-150x150.jpg 150w\" sizes=\"auto, (max-width: 640px) 100vw, 640px\" \/><\/figure>\n<\/figure>\n\n\n\n<div class=\"wp-block-group is-vertical is-content-justification-center is-nowrap is-layout-flex wp-container-core-group-is-layout-63bfd6c1 wp-block-group-is-layout-flex\">\n<p class=\"has-text-align-center has-small-font-size\"><strong>Verein f\u00fcr Junge Niederzeller<\/strong><\/p>\n\n\n\n<p class=\"has-text-align-center has-small-font-size\">Jung. Engagiert. Niederzell.<\/p>\n<\/div>\n<\/div>\n\n\n\n<div class=\"wp-block-column is-layout-flow wp-block-column-is-layout-flow\">\n<figure class=\"wp-block-gallery has-nested-images columns-default is-cropped wp-block-gallery-8 is-layout-flex wp-block-gallery-is-layout-flex\">\n<figure class=\"wp-block-image size-full is-style-rounded is-style-rounded--7\"><img loading=\"lazy\" decoding=\"async\" width=\"1200\" height=\"1200\" data-id=\"59\" src=\"https:\/\/www.niederzell.info\/wp-content\/uploads\/2025\/09\/347850115_4266227673602778_3753223979635341866_n.jpg\" alt=\"\" class=\"wp-image-59\" style=\"aspect-ratio:1;object-fit:cover\" srcset=\"https:\/\/www.niederzell.info\/wp-content\/uploads\/2025\/09\/347850115_4266227673602778_3753223979635341866_n.jpg 1200w, https:\/\/www.niederzell.info\/wp-content\/uploads\/2025\/09\/347850115_4266227673602778_3753223979635341866_n-300x300.jpg 300w, https:\/\/www.niederzell.info\/wp-content\/uploads\/2025\/09\/347850115_4266227673602778_3753223979635341866_n-1024x1024.jpg 1024w, https:\/\/www.niederzell.info\/wp-content\/uploads\/2025\/09\/347850115_4266227673602778_3753223979635341866_n-150x150.jpg 150w, https:\/\/www.niederzell.info\/wp-content\/uploads\/2025\/09\/347850115_4266227673602778_3753223979635341866_n-768x768.jpg 768w\" sizes=\"auto, (max-width: 1200px) 100vw, 1200px\" \/><\/figure>\n<\/figure>\n\n\n\n<div class=\"wp-block-group is-vertical is-content-justification-center is-nowrap is-layout-flex wp-container-core-group-is-layout-63bfd6c1 wp-block-group-is-layout-flex\">\n<p class=\"has-text-align-center has-small-font-size\"><strong>Freiwillige Feuerwehr<\/strong><\/p>\n\n\n\n<p class=\"has-text-align-center has-small-font-size\">Feuerwehr seit 1935. <\/p>\n<\/div>\n<\/div>\n\n\n\n<div class=\"wp-block-column is-layout-flow wp-block-column-is-layout-flow\">\n<figure class=\"wp-block-gallery has-nested-images columns-default is-cropped wp-block-gallery-10 is-layout-flex wp-block-gallery-is-layout-flex\">\n<figure class=\"wp-block-image size-full is-style-rounded is-style-rounded--9\"><img loading=\"lazy\" decoding=\"async\" width=\"1024\" height=\"1024\" data-id=\"60\" src=\"https:\/\/www.niederzell.info\/wp-content\/uploads\/2025\/09\/Logo-Lammscher-Chor.png\" alt=\"\" class=\"wp-image-60\" style=\"aspect-ratio:1;object-fit:cover\"\/><\/figure>\n<\/figure>\n\n\n\n<div class=\"wp-block-group is-vertical is-content-justification-center is-nowrap is-layout-flex wp-container-core-group-is-layout-21d4e958 wp-block-group-is-layout-flex\">\n<p class=\"has-text-align-center has-small-font-size\"><strong>Lamm\u2019sche Chor<\/strong><\/p>\n\n\n\n<p class=\"has-text-align-center has-small-font-size\">Niederzell erklingt.<\/p>\n<\/div>\n<\/div>\n<\/div>\n<\/div>\n\n\n\n<div style=\"height:58px\" aria-hidden=\"true\" class=\"wp-block-spacer\"><\/div>\n\n\n\n<h1 class=\"wp-block-heading alignwide has-text-align-center\">Aktuelle Neuigkeiten aus Niederzell<\/h1>\n\n\n\n<hr class=\"wp-block-separator has-alpha-channel-opacity\"\/>\n\n\n\n<div class=\"wp-block-group alignfull has-global-padding is-layout-constrained wp-container-core-group-is-layout-d89aad35 wp-block-group-is-layout-constrained\" style=\"margin-top:0;margin-bottom:0;padding-top:var(--wp--preset--spacing--50);padding-right:var(--wp--preset--spacing--50);padding-bottom:var(--wp--preset--spacing--50);padding-left:var(--wp--preset--spacing--50)\">\n<div class=\"wp-block-columns alignwide is-layout-flex wp-container-core-columns-is-layout-d0846407 wp-block-columns-is-layout-flex\">\n<div class=\"wp-block-column is-layout-flow wp-block-column-is-layout-flow\" style=\"flex-basis:40%\">\n<div class=\"wp-block-query is-layout-flow wp-block-query-is-layout-flow\"><\/div>\n<\/div>\n\n\n\n<div class=\"wp-block-column is-layout-flow wp-block-column-is-layout-flow\" style=\"flex-basis:60%\">\n<div class=\"wp-block-query is-layout-flow wp-block-query-is-layout-flow\"><ul class=\"wp-block-post-template is-layout-flow wp-container-core-post-template-is-layout-ea1fff98 wp-block-post-template-is-layout-flow\"><li class=\"wp-block-post post-124 post type-post status-publish format-standard has-post-thumbnail hentry category-kirmes\">\n<figure style=\"aspect-ratio:3\/4;\" class=\"wp-block-post-featured-image\"><a href=\"https:\/\/www.niederzell.info\/?p=124\" target=\"_self\"  ><img loading=\"lazy\" decoding=\"async\" width=\"640\" height=\"480\" src=\"https:\/\/www.niederzell.info\/wp-content\/uploads\/2025\/11\/IMG_3466.jpeg\" class=\"attachment-post-thumbnail size-post-thumbnail wp-post-image\" alt=\"Der Ortsbeirat informiert\" style=\"width:100%;height:100%;object-fit:cover;\" srcset=\"https:\/\/www.niederzell.info\/wp-content\/uploads\/2025\/11\/IMG_3466.jpeg 640w, https:\/\/www.niederzell.info\/wp-content\/uploads\/2025\/11\/IMG_3466-300x225.jpeg 300w\" sizes=\"auto, (max-width: 640px) 100vw, 640px\" \/><\/a><\/figure>\n\n\n<div style=\"height:var(--wp--preset--spacing--10)\" aria-hidden=\"true\" class=\"wp-block-spacer\"><\/div>\n\n\n\n<div class=\"wp-block-group is-vertical is-nowrap is-layout-flex wp-container-core-group-is-layout-027a86ef wp-block-group-is-layout-flex\"><h3 class=\"wp-block-post-title has-x-large-font-size\"><a href=\"https:\/\/www.niederzell.info\/?p=124\" target=\"_self\" >Der Ortsbeirat informiert<\/a><\/h3>\n\n<div class=\"wp-block-post-excerpt\"><p class=\"wp-block-post-excerpt__excerpt\">Liebe Mitb\u00fcrgerinnen und Mitb\u00fcrger, &nbsp;am 15.03.2026 werden im Rahmen der Kommunalwahl auch die Ortsbeir\u00e4te neu gew\u00e4hlt. Dies ist eine gute Gelegenheit, sich in unserer Liste \u201eGemeinsam f\u00fcr Niederzell\u201c aufstellen zu lassen. Im Falle einer erfolgreichen&hellip; <\/p><\/div>\n\n<div class=\"wp-block-template-part\">\n<div class=\"wp-block-group has-global-padding is-layout-constrained wp-block-group-is-layout-constrained\">\n<div class=\"wp-block-group is-content-justification-left is-layout-flex wp-container-core-group-is-layout-dfe8e91f wp-block-group-is-layout-flex\"><div class=\"wp-block-post-date\"><time datetime=\"2025-11-22T22:43:11+02:00\"><a href=\"https:\/\/www.niederzell.info\/?p=124\">Nov. 22, 2025<\/a><\/time><\/div><\/div>\n<\/div>\n<\/div><\/div>\n\n<\/li><\/ul><\/div>\n<\/div>\n<\/div>\n<\/div>\n","protected":false},"excerpt":{"rendered":"<p>Herzlich willkommen bei der Vereinsgemeinschaft Niederzell Die Vereinsgemeinschaft Kirchweih Niederzell ist das starke Dach \u00fcber vier engagierten Vereinen: Gemeinsam gestalten wir das kulturelle, sportliche und gesellschaftliche Leben in unserem Ort. Durch die enge Zusammenarbeit b\u00fcndeln wir Kr\u00e4fte, schaffen Gemeinschaft und halten unsere Traditionen lebendig \u2013 immer mit Blick auf die Zukunft. Warum Vereinsgemeinschaft? Weil wir [&hellip;]<\/p>\n","protected":false},"author":1,"featured_media":0,"parent":0,"menu_order":0,"comment_status":"closed","ping_status":"closed","template":"","meta":{"footnotes":""},"class_list":["post-79","page","type-page","status-publish","hentry"],"_links":{"self":[{"href":"https:\/\/www.niederzell.info\/index.php?rest_route=\/wp\/v2\/pages\/79","targetHints":{"allow":["GET"]}}],"collection":[{"href":"https:\/\/www.niederzell.info\/index.php?rest_route=\/wp\/v2\/pages"}],"about":[{"href":"https:\/\/www.niederzell.info\/index.php?rest_route=\/wp\/v2\/types\/page"}],"author":[{"embeddable":true,"href":"https:\/\/www.niederzell.info\/index.php?rest_route=\/wp\/v2\/users\/1"}],"replies":[{"embeddable":true,"href":"https:\/\/www.niederzell.info\/index.php?rest_route=%2Fwp%2Fv2%2Fcomments&post=79"}],"version-history":[{"count":9,"href":"https:\/\/www.niederzell.info\/index.php?rest_route=\/wp\/v2\/pages\/79\/revisions"}],"predecessor-version":[{"id":123,"href":"https:\/\/www.niederzell.info\/index.php?rest_route=\/wp\/v2\/pages\/79\/revisions\/123"}],"wp:attachment":[{"href":"https:\/\/www.niederzell.info\/index.php?rest_route=%2Fwp%2Fv2%2Fmedia&parent=79"}],"curies":[{"name":"wp","href":"https:\/\/api.w.org\/{rel}","templated":true}]}}